{"id":460,"date":"2025-04-24T10:53:45","date_gmt":"2025-04-24T08:53:45","guid":{"rendered":"https:\/\/hub4lca.e3d.rwth-aachen.de\/?page_id=460"},"modified":"2025-10-14T11:36:42","modified_gmt":"2025-10-14T09:36:42","slug":"single-family-houses-south-urban","status":"publish","type":"page","link":"https:\/\/hub4lca.e3d.rwth-aachen.de\/de\/single-family-houses-south-urban\/","title":{"rendered":"Einfamilienh\u00e4user | S\u00fcden | St\u00e4dtisch"},"content":{"rendered":"<div data-elementor-type=\"wp-page\" data-elementor-id=\"460\" class=\"elementor elementor-460\">\n\t\t\t\t<div class=\"elementor-element elementor-element-1f479fd e-flex e-con-boxed e-con e-parent\" data-id=\"1f479fd\" data-element_type=\"container\">\n\t\t\t\t\t<div class=\"e-con-inner\">\n\t\t<div class=\"elementor-element elementor-element-4999b59 e-con-full e-flex e-con e-child\" data-id=\"4999b59\" data-element_type=\"container\">\n\t\t\t\t<div class=\"elementor-element elementor-element-a18271b elementor-widget__width-initial elementor-widget-tablet__width-initial elementor-widget elementor-widget-heading\" data-id=\"a18271b\" data-element_type=\"widget\" data-widget_type=\"heading.default\">\n\t\t\t\t<div class=\"elementor-widget-container\">\n\t\t\t\t\t<h2 class=\"elementor-heading-title elementor-size-default\">Einfamilienh\u00e4user | S\u00fcden | St\u00e4dtisch<\/h2>\t\t\t\t<\/div>\n\t\t\t\t<\/div>\n\t\t\t\t<\/div>\n\t\t\t\t\t<\/div>\n\t\t\t\t<\/div>\n\t\t<div class=\"elementor-element elementor-element-2bd9e24a e-con-full e-flex e-con e-parent\" data-id=\"2bd9e24a\" data-element_type=\"container\">\n\t\t\t\t<div class=\"elementor-element elementor-element-78146931 elementor-widget elementor-widget-text-editor\" data-id=\"78146931\" data-element_type=\"widget\" data-widget_type=\"text-editor.default\">\n\t\t\t\t<div class=\"elementor-widget-container\">\n\t\t\t\t\t\t\t\t\t\n<div class=\"wp-block-columns alignwide are-vertically-aligned-center is-layout-flex wp-container-core-columns-is-layout-581ec2fa wp-block-columns-is-layout-flex\" style=\"padding-right: var(--wp--preset--spacing--50); padding-left: var(--wp--preset--spacing--50);\">\n<div class=\"wp-block-column is-vertically-aligned-center is-layout-flow wp-block-column-is-layout-flow\">\n<h3 class=\"wp-block-heading has-text-align-center\"><a href=\"https:\/\/hub4lca.e3d.rwth-aachen.de\/de\/?page_id=650\\#sfh_south_urban_growing\" data-type=\"page\" data-id=\"464\">Wachstums Gemeinde<\/a><\/h3>\n\n<div class=\"wp-block-spacer\" style=\"height: 10px;\" aria-hidden=\"true\">\u00a0<\/div>\n\n<figure class=\"wp-block-image aligncenter size-full is-resized is-style-default wp-duotone-unset-3\" style=\"margin-right: 0; margin-left: 0;\"><a href=\"https:\/\/hub4lca.e3d.rwth-aachen.de\/de\/?page_id=4017\"><img fetchpriority=\"high\" decoding=\"async\" width=\"1024\" height=\"1024\" class=\"wp-image-3983\" style=\"object-fit: cover; width: 450px; height: 300px;\" src=\"https:\/\/hub4lca.e3d.rwth-aachen.de\/wp-content\/uploads\/2025\/05\/Growing.png\" alt=\"\" srcset=\"https:\/\/hub4lca.e3d.rwth-aachen.de\/wp-content\/uploads\/2025\/05\/Growing.png 1024w, https:\/\/hub4lca.e3d.rwth-aachen.de\/wp-content\/uploads\/2025\/05\/Growing-300x300.png 300w, https:\/\/hub4lca.e3d.rwth-aachen.de\/wp-content\/uploads\/2025\/05\/Growing-150x150.png 150w, https:\/\/hub4lca.e3d.rwth-aachen.de\/wp-content\/uploads\/2025\/05\/Growing-768x768.png 768w\" sizes=\"(max-width: 1024px) 100vw, 1024px\" \/><\/a><\/figure>\n\n<p class=\"has-text-align-center\" style=\"border-style: none; border-width: 0px;\"><strong>Growing <\/strong>municipalities have been seeing<br \/><strong>net population increases<\/strong> over the past years.<\/p>\n<\/div>\n\n<div class=\"wp-block-column is-vertically-aligned-center is-layout-flow wp-block-column-is-layout-flow\">\n<h3 class=\"wp-block-heading has-text-align-center\"><a href=\"https:\/\/hub4lca.e3d.rwth-aachen.de\/de\/?page_id=650\\#sfh_south_urban_stagnant\" data-type=\"page\" data-id=\"467\">Stagnierende Gemeinde<\/a><\/h3>\n\n<div class=\"wp-block-spacer\" style=\"height: 10px;\" aria-hidden=\"true\">\u00a0<\/div>\n\n<figure class=\"wp-block-image aligncenter size-full is-resized wp-duotone-unset-4\"><a href=\"https:\/\/hub4lca.e3d.rwth-aachen.de\/de\/?page_id=4019\"><img decoding=\"async\" width=\"1024\" height=\"1024\" class=\"wp-image-3982\" style=\"object-fit: cover; width: 450px; height: 300px;\" src=\"https:\/\/hub4lca.e3d.rwth-aachen.de\/wp-content\/uploads\/2025\/05\/Stagnant.png\" alt=\"\" srcset=\"https:\/\/hub4lca.e3d.rwth-aachen.de\/wp-content\/uploads\/2025\/05\/Stagnant.png 1024w, https:\/\/hub4lca.e3d.rwth-aachen.de\/wp-content\/uploads\/2025\/05\/Stagnant-300x300.png 300w, https:\/\/hub4lca.e3d.rwth-aachen.de\/wp-content\/uploads\/2025\/05\/Stagnant-150x150.png 150w, https:\/\/hub4lca.e3d.rwth-aachen.de\/wp-content\/uploads\/2025\/05\/Stagnant-768x768.png 768w\" sizes=\"(max-width: 1024px) 100vw, 1024px\" \/><\/a><\/figure>\n\n<p class=\"has-text-align-center translation-block\"><strong>Stagnierende Gemeinden<\/strong> verzeichnen seit einigen Jahren <strong>kein<\/strong> <br><strong>Netto-Bev\u00f6lkerungswachstum<\/strong>.<\/p>\n<\/div>\n<\/div>\n\n<div class=\"wp-block-spacer\" style=\"margin-top: 0; margin-bottom: 0; height: 36px;\" aria-hidden=\"true\">\u00a0<\/div>\n\n<p>\u00a0<\/p>\n\t\t\t\t\t\t\t\t<\/div>\n\t\t\t\t<\/div>\n\t\t\t\t<\/div>\n\t\t\t\t<\/div>","protected":false},"excerpt":{"rendered":"<p>Single-Family Houses | South | Urban Growing Municipality Growing municipalities have been seeingnet population increases over the past years. Stagnant Municipality Stagnant municipalities have not been seeing net population increases over the past years. \u00a0<\/p>","protected":false},"author":1,"featured_media":0,"parent":0,"menu_order":0,"comment_status":"closed","ping_status":"closed","template":"elementor_header_footer","meta":{"_acf_changed":false,"footnotes":""},"class_list":["post-460","page","type-page","status-publish","hentry"],"acf":[],"_links":{"self":[{"href":"https:\/\/hub4lca.e3d.rwth-aachen.de\/de\/wp-json\/wp\/v2\/pages\/460","targetHints":{"allow":["GET"]}}],"collection":[{"href":"https:\/\/hub4lca.e3d.rwth-aachen.de\/de\/wp-json\/wp\/v2\/pages"}],"about":[{"href":"https:\/\/hub4lca.e3d.rwth-aachen.de\/de\/wp-json\/wp\/v2\/types\/page"}],"author":[{"embeddable":true,"href":"https:\/\/hub4lca.e3d.rwth-aachen.de\/de\/wp-json\/wp\/v2\/users\/1"}],"replies":[{"embeddable":true,"href":"https:\/\/hub4lca.e3d.rwth-aachen.de\/de\/wp-json\/wp\/v2\/comments?post=460"}],"version-history":[{"count":15,"href":"https:\/\/hub4lca.e3d.rwth-aachen.de\/de\/wp-json\/wp\/v2\/pages\/460\/revisions"}],"predecessor-version":[{"id":12618,"href":"https:\/\/hub4lca.e3d.rwth-aachen.de\/de\/wp-json\/wp\/v2\/pages\/460\/revisions\/12618"}],"wp:attachment":[{"href":"https:\/\/hub4lca.e3d.rwth-aachen.de\/de\/wp-json\/wp\/v2\/media?parent=460"}],"curies":[{"name":"wp","href":"https:\/\/api.w.org\/{rel}","templated":true}]}}