{"id":21583,"date":"2026-03-12T14:37:04","date_gmt":"2026-03-12T13:37:04","guid":{"rendered":"https:\/\/hub4lca.e3d.rwth-aachen.de\/?page_id=21583"},"modified":"2026-03-12T14:50:59","modified_gmt":"2026-03-12T13:50:59","slug":"multi-family-houses-south-rural","status":"publish","type":"page","link":"https:\/\/hub4lca.e3d.rwth-aachen.de\/de\/multi-family-houses-south\/multi-family-houses-south-rural\/","title":{"rendered":"Mehrfamilienh\u00e4user | S\u00fcden | L\u00e4ndlich"},"content":{"rendered":"<div data-elementor-type=\"wp-page\" data-elementor-id=\"21583\" class=\"elementor elementor-21583\">\n\t\t\t\t<div class=\"elementor-element elementor-element-7f991ad e-con-full e-flex e-con e-parent\" data-id=\"7f991ad\" data-element_type=\"container\">\n\t\t\t\t<div class=\"elementor-element elementor-element-f8ca3f5 elementor-widget__width-initial elementor-widget elementor-widget-heading\" data-id=\"f8ca3f5\" data-element_type=\"widget\" data-widget_type=\"heading.default\">\n\t\t\t\t<div class=\"elementor-widget-container\">\n\t\t\t\t\t<h2 class=\"elementor-heading-title elementor-size-default\">Mehrfamilienh\u00e4user | S\u00fcden | L\u00e4ndlich<\/h2>\t\t\t\t<\/div>\n\t\t\t\t<\/div>\n\t\t\t\t<\/div>\n\t\t<div class=\"elementor-element elementor-element-4cc65841 e-con-full e-flex e-con e-parent\" data-id=\"4cc65841\" data-element_type=\"container\">\n\t\t\t\t<div class=\"elementor-element elementor-element-47328c21 elementor-widget elementor-widget-text-editor\" data-id=\"47328c21\" data-element_type=\"widget\" data-widget_type=\"text-editor.default\">\n\t\t\t\t<div class=\"elementor-widget-container\">\n\t\t\t\t\t\t\t\t\t\n<div class=\"wp-block-columns alignwide are-vertically-aligned-center is-layout-flex wp-container-core-columns-is-layout-581ec2fa wp-block-columns-is-layout-flex\" style=\"padding-right: var(--wp--preset--spacing--50); padding-left: var(--wp--preset--spacing--50);\">\n<div class=\"wp-block-column is-vertically-aligned-center is-layout-flow wp-block-column-is-layout-flow\">\n<h3 class=\"wp-block-heading has-text-align-center\"><a href=\"https:\/\/hub4lca.e3d.rwth-aachen.de\/de\/multi-family-houses-south-rural-growing\/\" data-type=\"page\" data-id=\"546\">Wachstums Gemeinde<\/a><\/h3>\n\n<div class=\"wp-block-spacer\" style=\"height: 10px;\" aria-hidden=\"true\">\u00a0<\/div>\n\n<figure class=\"wp-block-image aligncenter size-full is-resized is-style-default wp-duotone-unset-3\" style=\"margin-right: 0; margin-left: 0;\"><a href=\"https:\/\/hub4lca.e3d.rwth-aachen.de\/de\/multi-family-houses-south-rural-growing-post-sim\/\"><img fetchpriority=\"high\" decoding=\"async\" class=\"alignnone wp-image-3983\" style=\"object-fit: cover; width: 450px; height: 300px;\" src=\"https:\/\/hub4lca.e3d.rwth-aachen.de\/wp-content\/uploads\/2025\/05\/Growing.png\" alt=\"\" width=\"1024\" height=\"1024\" srcset=\"https:\/\/hub4lca.e3d.rwth-aachen.de\/wp-content\/uploads\/2025\/05\/Growing.png 1024w, https:\/\/hub4lca.e3d.rwth-aachen.de\/wp-content\/uploads\/2025\/05\/Growing-300x300.png 300w, https:\/\/hub4lca.e3d.rwth-aachen.de\/wp-content\/uploads\/2025\/05\/Growing-150x150.png 150w, https:\/\/hub4lca.e3d.rwth-aachen.de\/wp-content\/uploads\/2025\/05\/Growing-768x768.png 768w\" sizes=\"(max-width: 1024px) 100vw, 1024px\" \/><\/a><\/figure>\n\n<p class=\"has-text-align-center\" style=\"border-style: none; border-width: 0px;\"><strong>Growing <\/strong>municipalities have been seeing<br \/><strong>net population increases<\/strong> over the past years.<\/p>\n<\/div>\n\n<div class=\"wp-block-column is-vertically-aligned-center is-layout-flow wp-block-column-is-layout-flow\">\n<h3 class=\"wp-block-heading has-text-align-center\"><a href=\"https:\/\/hub4lca.e3d.rwth-aachen.de\/de\/multi-family-houses-south-rural-stagnant\/\" data-type=\"page\" data-id=\"549\">Stagnierende Gemeinde<\/a><\/h3>\n\n<div class=\"wp-block-spacer\" style=\"height: 10px;\" aria-hidden=\"true\">\u00a0<\/div>\n\n<figure class=\"wp-block-image aligncenter size-full is-resized wp-duotone-unset-4\"><a href=\"https:\/\/hub4lca.e3d.rwth-aachen.de\/de\/multi-family-houses-south-rural-stagnant\/\"><img decoding=\"async\" class=\"alignnone wp-image-3982\" style=\"object-fit: cover; width: 450px; height: 300px;\" src=\"https:\/\/hub4lca.e3d.rwth-aachen.de\/wp-content\/uploads\/2025\/05\/Stagnant.png\" alt=\"\" width=\"1024\" height=\"1024\" srcset=\"https:\/\/hub4lca.e3d.rwth-aachen.de\/wp-content\/uploads\/2025\/05\/Stagnant.png 1024w, https:\/\/hub4lca.e3d.rwth-aachen.de\/wp-content\/uploads\/2025\/05\/Stagnant-300x300.png 300w, https:\/\/hub4lca.e3d.rwth-aachen.de\/wp-content\/uploads\/2025\/05\/Stagnant-150x150.png 150w, https:\/\/hub4lca.e3d.rwth-aachen.de\/wp-content\/uploads\/2025\/05\/Stagnant-768x768.png 768w\" sizes=\"(max-width: 1024px) 100vw, 1024px\" \/><\/a><\/figure>\n\n<p class=\"has-text-align-center translation-block\"><strong>Stagnierende Gemeinden<\/strong> verzeichnen seit einigen Jahren <strong>kein<\/strong> <br><strong>Netto-Bev\u00f6lkerungswachstum<\/strong>.<\/p>\n<\/div>\n<\/div>\n\n<div class=\"wp-block-spacer\" style=\"margin-top: 0; margin-bottom: 0; height: 36px;\" aria-hidden=\"true\">\u00a0<\/div>\n\n<p>\u00a0<\/p>\n\t\t\t\t\t\t\t\t<\/div>\n\t\t\t\t<\/div>\n\t\t\t\t<\/div>\n\t\t\t\t<\/div>","protected":false},"excerpt":{"rendered":"<p>Multi-Family Houses | South | Rural Growing Municipality Growing municipalities have been seeingnet population increases over the past years. Stagnant Municipality Stagnant municipalities have not been seeing net population increases over the past years. \u00a0<\/p>","protected":false},"author":2,"featured_media":0,"parent":537,"menu_order":0,"comment_status":"closed","ping_status":"closed","template":"elementor_header_footer","meta":{"_acf_changed":false,"footnotes":""},"class_list":["post-21583","page","type-page","status-publish","hentry"],"acf":[],"_links":{"self":[{"href":"https:\/\/hub4lca.e3d.rwth-aachen.de\/de\/wp-json\/wp\/v2\/pages\/21583","targetHints":{"allow":["GET"]}}],"collection":[{"href":"https:\/\/hub4lca.e3d.rwth-aachen.de\/de\/wp-json\/wp\/v2\/pages"}],"about":[{"href":"https:\/\/hub4lca.e3d.rwth-aachen.de\/de\/wp-json\/wp\/v2\/types\/page"}],"author":[{"embeddable":true,"href":"https:\/\/hub4lca.e3d.rwth-aachen.de\/de\/wp-json\/wp\/v2\/users\/2"}],"replies":[{"embeddable":true,"href":"https:\/\/hub4lca.e3d.rwth-aachen.de\/de\/wp-json\/wp\/v2\/comments?post=21583"}],"version-history":[{"count":7,"href":"https:\/\/hub4lca.e3d.rwth-aachen.de\/de\/wp-json\/wp\/v2\/pages\/21583\/revisions"}],"predecessor-version":[{"id":21595,"href":"https:\/\/hub4lca.e3d.rwth-aachen.de\/de\/wp-json\/wp\/v2\/pages\/21583\/revisions\/21595"}],"up":[{"embeddable":true,"href":"https:\/\/hub4lca.e3d.rwth-aachen.de\/de\/wp-json\/wp\/v2\/pages\/537"}],"wp:attachment":[{"href":"https:\/\/hub4lca.e3d.rwth-aachen.de\/de\/wp-json\/wp\/v2\/media?parent=21583"}],"curies":[{"name":"wp","href":"https:\/\/api.w.org\/{rel}","templated":true}]}}