{"id":19458,"date":"2025-12-15T19:29:31","date_gmt":"2025-12-15T18:29:31","guid":{"rendered":"https:\/\/hub4lca.e3d.rwth-aachen.de\/?page_id=19458"},"modified":"2026-03-13T13:12:22","modified_gmt":"2026-03-13T12:12:22","slug":"scorecards-post-sim","status":"publish","type":"page","link":"https:\/\/hub4lca.e3d.rwth-aachen.de\/de\/scorecards-post-sim\/","title":{"rendered":"Scorecards Post Sim"},"content":{"rendered":"<div data-elementor-type=\"wp-page\" data-elementor-id=\"19458\" class=\"elementor elementor-19458\">\n\t\t\t\t<div class=\"elementor-element elementor-element-a71ea02 e-con-full e-flex e-con e-parent\" data-id=\"a71ea02\" data-element_type=\"container\">\n\t\t\t\t<div class=\"elementor-element elementor-element-d6ff91c elementor-widget__width-initial elementor-widget elementor-widget-text-editor\" data-id=\"d6ff91c\" data-element_type=\"widget\" data-widget_type=\"text-editor.default\">\n\t\t\t\t<div class=\"elementor-widget-container\">\n\t\t\t\t\t\t\t\t\t<p>HUB4LCA-Vorab-Simulations-Scorecards sind f\u00fcr 977 Wohn- und Nichtwohngeb\u00e4ude unterschiedlicher Altersklassen, geografischer Lage und Gemeindetypen verf\u00fcgbar. Sie k\u00f6nnen dem Leitfaden f\u00fcr das Geb\u00e4ude Ihrer Wahl folgen. <a href=\"https:\/\/zenodo.org\/records\/18984314\">You can also download the full set of residential and non-residential building archetypes.\u00a0<\/a><\/p>\t\t\t\t\t\t\t\t<\/div>\n\t\t\t\t<\/div>\n\t\t\t\t<\/div>\n\t\t<div class=\"elementor-element elementor-element-2729e48 elementor-hidden-mobile e-flex e-con-boxed e-con e-parent\" data-id=\"2729e48\" data-element_type=\"container\">\n\t\t\t\t\t<div class=\"e-con-inner\">\n\t\t<div class=\"elementor-element elementor-element-f8f7420 e-con-full e-flex e-con e-child\" data-id=\"f8f7420\" data-element_type=\"container\">\n\t\t\t\t<div class=\"elementor-element elementor-element-56644e7 elementor-widget elementor-widget-heading\" data-id=\"56644e7\" data-element_type=\"widget\" data-widget_type=\"heading.default\">\n\t\t\t\t<div class=\"elementor-widget-container\">\n\t\t\t\t\t<h2 class=\"elementor-heading-title elementor-size-default\"><a href=\"https:\/\/hub4lca.e3d.rwth-aachen.de\/de\/residential-buildings-post-sim\/\">Wohngeb\u00e4ude<\/a><\/h2>\t\t\t\t<\/div>\n\t\t\t\t<\/div>\n\t\t\t\t<\/div>\n\t\t<div class=\"elementor-element elementor-element-9b82fbe e-con-full e-flex e-con e-child\" data-id=\"9b82fbe\" data-element_type=\"container\">\n\t\t\t\t<div class=\"elementor-element elementor-element-41bcc87 elementor-widget elementor-widget-heading\" data-id=\"41bcc87\" data-element_type=\"widget\" data-widget_type=\"heading.default\">\n\t\t\t\t<div class=\"elementor-widget-container\">\n\t\t\t\t\t<h2 class=\"elementor-heading-title elementor-size-default\"><a href=\"https:\/\/hub4lca.e3d.rwth-aachen.de\/de\/non-residential-buildings-post-sim\/\">Nicht-Wohnbereich<\/a><\/h2>\t\t\t\t<\/div>\n\t\t\t\t<\/div>\n\t\t\t\t<\/div>\n\t\t\t\t\t<\/div>\n\t\t\t\t<\/div>\n\t\t<div class=\"elementor-element elementor-element-b1650a5 elementor-hidden-mobile e-flex e-con-boxed e-con e-parent\" data-id=\"b1650a5\" data-element_type=\"container\">\n\t\t\t\t\t<div class=\"e-con-inner\">\n\t\t\t\t<div class=\"elementor-element elementor-element-dba430d elementor-widget elementor-widget-image\" data-id=\"dba430d\" data-element_type=\"widget\" data-widget_type=\"image.default\">\n\t\t\t\t<div class=\"elementor-widget-container\">\n\t\t\t\t\t\t\t\t\t\t\t\t\t\t\t\t<a href=\"https:\/\/hub4lca.e3d.rwth-aachen.de\/de\/residential-buildings-post-sim\/\">\n\t\t\t\t\t\t\t<img fetchpriority=\"high\" decoding=\"async\" width=\"1024\" height=\"1024\" src=\"https:\/\/hub4lca.e3d.rwth-aachen.de\/wp-content\/uploads\/2025\/08\/residential_square.png\" class=\"attachment-large size-large wp-image-7663\" alt=\"\" srcset=\"https:\/\/hub4lca.e3d.rwth-aachen.de\/wp-content\/uploads\/2025\/08\/residential_square.png 1024w, https:\/\/hub4lca.e3d.rwth-aachen.de\/wp-content\/uploads\/2025\/08\/residential_square-300x300.png 300w, https:\/\/hub4lca.e3d.rwth-aachen.de\/wp-content\/uploads\/2025\/08\/residential_square-150x150.png 150w, https:\/\/hub4lca.e3d.rwth-aachen.de\/wp-content\/uploads\/2025\/08\/residential_square-768x768.png 768w, https:\/\/hub4lca.e3d.rwth-aachen.de\/wp-content\/uploads\/2025\/08\/residential_square-12x12.png 12w\" sizes=\"(max-width: 1024px) 100vw, 1024px\" \/>\t\t\t\t\t\t\t\t<\/a>\n\t\t\t\t\t\t\t\t\t\t\t\t\t\t\t<\/div>\n\t\t\t\t<\/div>\n\t\t\t\t<div class=\"elementor-element elementor-element-7872785 elementor-widget elementor-widget-image\" data-id=\"7872785\" data-element_type=\"widget\" data-widget_type=\"image.default\">\n\t\t\t\t<div class=\"elementor-widget-container\">\n\t\t\t\t\t\t\t\t\t\t\t\t\t\t\t\t<a href=\"https:\/\/hub4lca.e3d.rwth-aachen.de\/de\/non-residential-buildings-post-sim\/\">\n\t\t\t\t\t\t\t<img decoding=\"async\" width=\"1024\" height=\"1024\" src=\"https:\/\/hub4lca.e3d.rwth-aachen.de\/wp-content\/uploads\/2025\/05\/Non-residential-building.png\" class=\"attachment-large size-large wp-image-5169\" alt=\"\" srcset=\"https:\/\/hub4lca.e3d.rwth-aachen.de\/wp-content\/uploads\/2025\/05\/Non-residential-building.png 1024w, https:\/\/hub4lca.e3d.rwth-aachen.de\/wp-content\/uploads\/2025\/05\/Non-residential-building-300x300.png 300w, https:\/\/hub4lca.e3d.rwth-aachen.de\/wp-content\/uploads\/2025\/05\/Non-residential-building-150x150.png 150w, https:\/\/hub4lca.e3d.rwth-aachen.de\/wp-content\/uploads\/2025\/05\/Non-residential-building-768x768.png 768w\" sizes=\"(max-width: 1024px) 100vw, 1024px\" \/>\t\t\t\t\t\t\t\t<\/a>\n\t\t\t\t\t\t\t\t\t\t\t\t\t\t\t<\/div>\n\t\t\t\t<\/div>\n\t\t\t\t\t<\/div>\n\t\t\t\t<\/div>\n\t\t<div class=\"elementor-element elementor-element-9966fb4 elementor-hidden-desktop elementor-hidden-tablet e-flex e-con-boxed e-con e-parent\" data-id=\"9966fb4\" data-element_type=\"container\">\n\t\t\t\t\t<div class=\"e-con-inner\">\n\t\t<div class=\"elementor-element elementor-element-0165df9 e-con-full e-flex e-con e-child\" data-id=\"0165df9\" data-element_type=\"container\">\n\t\t\t\t<div class=\"elementor-element elementor-element-256ce77 elementor-widget elementor-widget-heading\" data-id=\"256ce77\" data-element_type=\"widget\" data-widget_type=\"heading.default\">\n\t\t\t\t<div class=\"elementor-widget-container\">\n\t\t\t\t\t<h2 class=\"elementor-heading-title elementor-size-default\"><a href=\"https:\/\/hub4lca.e3d.rwth-aachen.de\/de\/residential-buildings-post-sim\/\">Wohngeb\u00e4ude<\/a><\/h2>\t\t\t\t<\/div>\n\t\t\t\t<\/div>\n\t\t\t\t<\/div>\n\t\t\t\t\t<\/div>\n\t\t\t\t<\/div>\n\t\t<div class=\"elementor-element elementor-element-4e595c7 elementor-hidden-desktop elementor-hidden-tablet e-flex e-con-boxed e-con e-parent\" data-id=\"4e595c7\" data-element_type=\"container\">\n\t\t\t\t\t<div class=\"e-con-inner\">\n\t\t<div class=\"elementor-element elementor-element-04bce66 e-con-full e-flex e-con e-child\" data-id=\"04bce66\" data-element_type=\"container\">\n\t\t\t\t<div class=\"elementor-element elementor-element-1d89bea elementor-widget elementor-widget-heading\" data-id=\"1d89bea\" data-element_type=\"widget\" data-widget_type=\"heading.default\">\n\t\t\t\t<div class=\"elementor-widget-container\">\n\t\t\t\t\t<h2 class=\"elementor-heading-title elementor-size-default\"><a href=\"https:\/\/hub4lca.e3d.rwth-aachen.de\/de\/non-residential-buildings-post-sim\/\">Nicht-Wohnbereich<\/a><\/h2>\t\t\t\t<\/div>\n\t\t\t\t<\/div>\n\t\t\t\t<\/div>\n\t\t\t\t<div class=\"elementor-element elementor-element-3c874ba elementor-widget elementor-widget-image\" data-id=\"3c874ba\" data-element_type=\"widget\" data-widget_type=\"image.default\">\n\t\t\t\t<div class=\"elementor-widget-container\">\n\t\t\t\t\t\t\t\t\t\t\t\t\t\t\t\t<a href=\"https:\/\/hub4lca.e3d.rwth-aachen.de\/de\/residential-buildings-post-sim\/\">\n\t\t\t\t\t\t\t<img fetchpriority=\"high\" decoding=\"async\" width=\"1024\" height=\"1024\" src=\"https:\/\/hub4lca.e3d.rwth-aachen.de\/wp-content\/uploads\/2025\/08\/residential_square.png\" class=\"attachment-large size-large wp-image-7663\" alt=\"\" srcset=\"https:\/\/hub4lca.e3d.rwth-aachen.de\/wp-content\/uploads\/2025\/08\/residential_square.png 1024w, https:\/\/hub4lca.e3d.rwth-aachen.de\/wp-content\/uploads\/2025\/08\/residential_square-300x300.png 300w, https:\/\/hub4lca.e3d.rwth-aachen.de\/wp-content\/uploads\/2025\/08\/residential_square-150x150.png 150w, https:\/\/hub4lca.e3d.rwth-aachen.de\/wp-content\/uploads\/2025\/08\/residential_square-768x768.png 768w, https:\/\/hub4lca.e3d.rwth-aachen.de\/wp-content\/uploads\/2025\/08\/residential_square-12x12.png 12w\" sizes=\"(max-width: 1024px) 100vw, 1024px\" \/>\t\t\t\t\t\t\t\t<\/a>\n\t\t\t\t\t\t\t\t\t\t\t\t\t\t\t<\/div>\n\t\t\t\t<\/div>\n\t\t\t\t<div class=\"elementor-element elementor-element-226132a elementor-widget elementor-widget-image\" data-id=\"226132a\" data-element_type=\"widget\" data-widget_type=\"image.default\">\n\t\t\t\t<div class=\"elementor-widget-container\">\n\t\t\t\t\t\t\t\t\t\t\t\t\t\t\t\t<a href=\"https:\/\/hub4lca.e3d.rwth-aachen.de\/de\/non-residential-buildings-post-sim\/\">\n\t\t\t\t\t\t\t<img decoding=\"async\" width=\"1024\" height=\"1024\" src=\"https:\/\/hub4lca.e3d.rwth-aachen.de\/wp-content\/uploads\/2025\/05\/Non-residential-building.png\" class=\"attachment-large size-large wp-image-5169\" alt=\"\" srcset=\"https:\/\/hub4lca.e3d.rwth-aachen.de\/wp-content\/uploads\/2025\/05\/Non-residential-building.png 1024w, https:\/\/hub4lca.e3d.rwth-aachen.de\/wp-content\/uploads\/2025\/05\/Non-residential-building-300x300.png 300w, https:\/\/hub4lca.e3d.rwth-aachen.de\/wp-content\/uploads\/2025\/05\/Non-residential-building-150x150.png 150w, https:\/\/hub4lca.e3d.rwth-aachen.de\/wp-content\/uploads\/2025\/05\/Non-residential-building-768x768.png 768w\" sizes=\"(max-width: 1024px) 100vw, 1024px\" \/>\t\t\t\t\t\t\t\t<\/a>\n\t\t\t\t\t\t\t\t\t\t\t\t\t\t\t<\/div>\n\t\t\t\t<\/div>\n\t\t\t\t\t<\/div>\n\t\t\t\t<\/div>\n\t\t\t\t<\/div>","protected":false},"excerpt":{"rendered":"<p>HUB4LCA pre-simulation scorecards are available for 977 residential and non-residential buildings, for varying age class, geography, and municipality type. You can follow the guide to your building of choice. You can also download the full set of residential and non-residential building archetypes.\u00a0 Residential Non-residential Residential Non-residential<\/p>","protected":false},"author":2,"featured_media":0,"parent":0,"menu_order":0,"comment_status":"closed","ping_status":"closed","template":"elementor_header_footer","meta":{"_acf_changed":false,"footnotes":""},"class_list":["post-19458","page","type-page","status-publish","hentry"],"acf":[],"_links":{"self":[{"href":"https:\/\/hub4lca.e3d.rwth-aachen.de\/de\/wp-json\/wp\/v2\/pages\/19458","targetHints":{"allow":["GET"]}}],"collection":[{"href":"https:\/\/hub4lca.e3d.rwth-aachen.de\/de\/wp-json\/wp\/v2\/pages"}],"about":[{"href":"https:\/\/hub4lca.e3d.rwth-aachen.de\/de\/wp-json\/wp\/v2\/types\/page"}],"author":[{"embeddable":true,"href":"https:\/\/hub4lca.e3d.rwth-aachen.de\/de\/wp-json\/wp\/v2\/users\/2"}],"replies":[{"embeddable":true,"href":"https:\/\/hub4lca.e3d.rwth-aachen.de\/de\/wp-json\/wp\/v2\/comments?post=19458"}],"version-history":[{"count":16,"href":"https:\/\/hub4lca.e3d.rwth-aachen.de\/de\/wp-json\/wp\/v2\/pages\/19458\/revisions"}],"predecessor-version":[{"id":21747,"href":"https:\/\/hub4lca.e3d.rwth-aachen.de\/de\/wp-json\/wp\/v2\/pages\/19458\/revisions\/21747"}],"wp:attachment":[{"href":"https:\/\/hub4lca.e3d.rwth-aachen.de\/de\/wp-json\/wp\/v2\/media?parent=19458"}],"curies":[{"name":"wp","href":"https:\/\/api.w.org\/{rel}","templated":true}]}}